{"id":5440,"date":"2024-08-26T10:41:40","date_gmt":"2024-08-26T14:41:40","guid":{"rendered":"https:\/\/www.master.cw\/mg-zs-ev\/"},"modified":"2024-12-23T19:06:29","modified_gmt":"2024-12-23T23:06:29","slug":"mg-zs-ev","status":"publish","type":"page","link":"https:\/\/www.master.cw\/pt-br\/mg-zs-ev\/","title":{"rendered":"MG ZS EV"},"content":{"rendered":"<div class=\"wp-block-image is-style-default\">\n<figure class=\"aligncenter size-large is-resized\"><img fetchpriority=\"high\" decoding=\"async\" width=\"1024\" height=\"1024\" src=\"https:\/\/www.master.cw\/wp-content\/uploads\/2024\/08\/BeFunky-collage-1024x1024.jpg\" alt=\"MG ZS EV - Carro principal W73-42\" class=\"wp-image-5008\" style=\"aspect-ratio:4\/3;object-fit:contain;width:800px;height:auto\" srcset=\"https:\/\/www.master.cw\/wp-content\/uploads\/2024\/08\/BeFunky-collage-1024x1024.jpg 1024w, https:\/\/www.master.cw\/wp-content\/uploads\/2024\/08\/BeFunky-collage-300x300.jpg 300w, https:\/\/www.master.cw\/wp-content\/uploads\/2024\/08\/BeFunky-collage-150x150.jpg 150w, https:\/\/www.master.cw\/wp-content\/uploads\/2024\/08\/BeFunky-collage-768x768.jpg 768w, https:\/\/www.master.cw\/wp-content\/uploads\/2024\/08\/BeFunky-collage-1536x1536.jpg 1536w, https:\/\/www.master.cw\/wp-content\/uploads\/2024\/08\/BeFunky-collage-scaled.jpg 1920w, https:\/\/www.master.cw\/wp-content\/uploads\/2024\/08\/BeFunky-collage-350x350.jpg 350w, https:\/\/www.master.cw\/wp-content\/uploads\/2024\/08\/BeFunky-collage-600x600.jpg 600w, https:\/\/www.master.cw\/wp-content\/uploads\/2024\/08\/BeFunky-collage-855x855.jpg 855w, https:\/\/www.master.cw\/wp-content\/uploads\/2024\/08\/BeFunky-collage-415x415.jpg 415w, https:\/\/www.master.cw\/wp-content\/uploads\/2024\/08\/BeFunky-collage-100x100.jpg 100w\" sizes=\"(max-width: 1024px) 100vw, 1024px\" \/><\/figure><\/div>\n<p><strong>Pre\u00e7os e complementos<\/strong><\/p>\n\n<figure class=\"wp-block-table is-style-stripes\"><table><tbody><tr><td>Pre\u00e7o fixo para come\u00e7ar<\/td><td class=\"has-text-align-center\" data-align=\"center\">$1.00<\/td><\/tr><tr><td>Pre\u00e7o por hora (para as primeiras 4 horas) &#8211; horas 1 a 4<\/td><td class=\"has-text-align-center\" data-align=\"center\">$13.79<\/td><\/tr><tr><td>Pre\u00e7o por hora ap\u00f3s 4 horas (para as pr\u00f3ximas 3 horas) &#8211; horas 4 a 7<\/td><td class=\"has-text-align-center\" data-align=\"center\">$9.79<\/td><\/tr><tr><td>Pre\u00e7o por hora ap\u00f3s 7 horas &#8211; horas 7+<\/td><td class=\"has-text-align-center\" data-align=\"center\">$3.29<\/td><\/tr><tr><td>Pre\u00e7o por quil\u00f4metro<\/td><td class=\"has-text-align-center\" data-align=\"center\">$0.11<\/td><\/tr><tr><td>Pre\u00e7o por minuto quando voc\u00ea est\u00e1 em status de<strong>&#8220;pausa<\/strong>&#8221; (bloqueado)<\/td><td class=\"has-text-align-center\" data-align=\"center\">$0.05<\/td><\/tr><\/tbody><\/table><\/figure>\n<p><\/p>\n\n<p><strong>Taxa de penalidade no caso de um dos seguintes itens<\/strong> <strong>for detectado<\/strong> <strong>ou relatado<\/strong><\/p>\n\n<figure class=\"wp-block-table is-style-stripes\"><table><tbody><tr><td>Fumar no carro<\/td><td>$100<\/td><\/tr><tr><td>Excesso de sujeira dentro do carro, inclusive no porta-malas.  <\/td><td>$50<\/td><\/tr><tr><td>Terminar a viagem com <strong>menos<\/strong> de <strong>50% de<\/strong> bateria EV restante.  <\/td><td>$50<\/td><\/tr><tr><td>Terminar a viagem fora de uma zona de estacionamento designada pelo aplicativo Master Rental<\/td><td>$75<\/td><\/tr><\/tbody><\/table><\/figure>\n<div style=\"height:100px\" aria-hidden=\"true\" class=\"wp-block-spacer\"><\/div>\n\n<h4 class=\"wp-block-heading\">Como dirigir o MG ZS EV (Manual de instru\u00e7\u00f5es)<\/h4>\n\n<p><\/p>\n\n<p><strong>Ligar o carro:<\/strong><\/p>\n\n<ul class=\"wp-block-list\">\n<li><strong>Pressione o pedal do freio<\/strong> e aperte o bot\u00e3o &#8220;Start\/Stop&#8221; localizado no lado direito, atr\u00e1s do volante.<\/li>\n\n\n\n<li><strong>O visor do painel<\/strong> mostrar\u00e1 &#8220;Ready&#8221; quando o carro estiver pronto para ser dirigido.<\/li>\n<\/ul>\n\n<div style=\"height:100px\" aria-hidden=\"true\" class=\"wp-block-spacer\"><\/div>\n\n<p><strong>Desligue o carro:<\/strong><\/p>\n\n<ul class=\"wp-block-list\">\n<li><strong>Pressione o pedal do freio<\/strong> e aperte o bot\u00e3o &#8220;Start \/ Stop&#8221; localizado no lado direito, atr\u00e1s do volante.  <\/li>\n\n\n\n<li><strong>O visor do carro e do painel de instrumentos<\/strong> ser\u00e1 desligado.  <\/li>\n\n\n\n<li>N\u00e3o<strong> <span style=\"text-decoration: underline;\">n\u00e3o<\/span> <\/strong>Pegue as chaves.  <\/li>\n<\/ul>\n\n<div style=\"height:100px\" aria-hidden=\"true\" class=\"wp-block-spacer\"><\/div>\n\n<p><strong>Travando e destravando o carro:<\/strong><\/p>\n\n<ul class=\"wp-block-list\">\n<li>Use o <strong>aplicativo Master Rental<\/strong> para bloquear ou desbloquear o carro com a fun\u00e7\u00e3o &#8220;Pause&#8221;.\n<ul class=\"wp-block-list\">\n<li><strong>Pausa<\/strong>: Bloqueie o carro selecionando &#8220;Pausa&#8221; no menu do aplicativo.<\/li>\n\n\n\n<li><strong>Destravar<\/strong>: Destrave o carro selecionando &#8220;Destrave&#8221; no menu do aplicativo.<\/li>\n<\/ul>\n<\/li>\n<\/ul>\n\n<div style=\"height:100px\" aria-hidden=\"true\" class=\"wp-block-spacer\"><\/div>\n\n<p><strong>Mudan\u00e7a de marchas:<\/strong><\/p>\n\n<ul class=\"wp-block-list\">\n<li><strong>Drive (D)<\/strong>: Pressione o pedal do freio e gire o seletor de transmiss\u00e3o para &#8220;D&#8221;.<\/li>\n\n\n\n<li><strong>Marcha \u00e0 r\u00e9 (R)<\/strong>: Pressione o pedal do freio e gire o seletor de transmiss\u00e3o para &#8220;R&#8221;.<\/li>\n\n\n\n<li><strong>Neutro (N)<\/strong>: Pressione o pedal do freio e gire o seletor de transmiss\u00e3o para &#8220;N&#8221;.<\/li>\n\n\n\n<li><strong>Estacionar (P)<\/strong>: Pressione o pedal do freio e pressione o bot\u00e3o &#8220;P&#8221; no mostrador.<\/li>\n<\/ul>\n\n<figure class=\"wp-block-image size-full is-style-rounded\"><img decoding=\"async\" width=\"302\" height=\"302\" src=\"https:\/\/www.master.cw\/wp-content\/uploads\/2024\/08\/MG-ZS-EV-Transmission-Dial.gif\" alt=\"\" class=\"wp-image-5016\"\/><figcaption class=\"wp-element-caption\">Visual: uso do dial de transmiss\u00e3o<\/figcaption><\/figure>\n<div style=\"height:100px\" aria-hidden=\"true\" class=\"wp-block-spacer\"><\/div>\n\n<p><strong>Esta\u00e7\u00f5es de carregamento de 22KW conhecidas e suas localiza\u00e7\u00f5es<\/strong>:<\/p>\n\n<figure class=\"wp-block-table\"><table class=\"has-fixed-layout\"><tbody><tr><td><strong>Localiza\u00e7\u00e3o<\/strong><\/td><td><strong>Endere\u00e7o<\/strong><\/td><td><strong>Conectores<\/strong><\/td><\/tr><tr><td><strong>Dynaf D-Point<\/strong><strong><\/strong><\/td><td>Pletterijweg z\/n, Parera, Willemstad<\/td><td>4x Tipo 2<\/td><\/tr><tr><td><strong>Karakter &#8211; Beach Lounge<\/strong><\/td><td>Coral Estate, Rif St. Marie<\/td><td>4x Tipo 2<\/td><\/tr><tr><td><strong>Restaurante Pasawa<\/strong><strong><\/strong><\/td><td>Caracasbaaiweg 177, Willemstad<\/td><td>2x Tipo 2<\/td><\/tr><tr><td><strong>Chogogo Resort<\/strong><\/td><td>Jan Thiel z\/n, Jan Thiel<\/td><td>2x Tipo 2<\/td><\/tr><tr><td><strong>Kontiki Beach Resort<\/strong><strong><\/strong><\/td><td>Bapor Kibr\u00e1 z\/n, Willemstad<\/td><td>2x Tipo 2<\/td><\/tr><tr><td><strong>Mangrove Beach Corendon<\/strong><\/td><td>Pater Euwensweg 31, Willemstad<\/td><td>N\u00e3o especificado<\/td><\/tr><tr><td><strong>Trupial Inn Hotel &amp; Casino<\/strong><strong><\/strong><\/td><td>Groot Davelaarweg 5, Willemstad<\/td><td>N\u00e3o especificado<\/td><\/tr><tr><td><strong>Coral Estate Resort<\/strong><\/td><td>Rif St. Marie, Willibrordus<\/td><td>Carregamento r\u00e1pido<\/td><\/tr><tr><td><strong>Sede da TUI<\/strong><strong><\/strong><\/td><td>Schottegatweg Oost 96, Willemstad<\/td><td>N\u00e3o especificado<\/td><\/tr><\/tbody><\/table><\/figure>\n<p>Observe que, embora algumas esta\u00e7\u00f5es de recarga sejam acess\u00edveis ao p\u00fablico, outras s\u00e3o destinadas a clientes ou convidados de estabelecimentos espec\u00edficos. \u00c9 aconselh\u00e1vel verificar a acessibilidade antes de planejar sua visita. <\/p>\n\n<p>Para obter as informa\u00e7\u00f5es mais atualizadas e o status em tempo real dos pontos de recarga, considere usar aplicativos como <strong>Electromaps<\/strong> ou <strong>D-Point<\/strong>, que fornecem mapas detalhados e avalia\u00e7\u00f5es de usu\u00e1rios sobre as esta\u00e7\u00f5es de recarga em Cura\u00e7ao.<\/p>\n\n<p><\/p>\n\n<p><strong>Carregando o ve\u00edculo:<\/strong><br\/>H\u00e1 uma lista abaixo com os endere\u00e7os das esta\u00e7\u00f5es de carregamento de 22KW conhecidas para sua conveni\u00eancia. <br\/>Use o Maps.Me ou o Google Maps via Android Auto ou Apple Car Play no MG ZS EV (Bluetooth: AutoKit_ECE ou AutoKit_DFO) para navegar at\u00e9 a esta\u00e7\u00e3o de carregamento em funcionamento mais pr\u00f3xima.<\/p>\n\n<ul class=\"wp-block-list\">\n<li><strong>Localize a porta de carregamento do MG ZS EV<\/strong>: <br\/>Empurre o logotipo da MG na frente para revelar as portas de carregamento. Veja o v\u00eddeo abaixo para visualizar. <\/li>\n<\/ul>\n\n<figure class=\"wp-block-image size-full is-style-rounded\"><img decoding=\"async\" width=\"146\" height=\"260\" src=\"https:\/\/www.master.cw\/wp-content\/uploads\/2024\/09\/Adobe-Express-2024-09-01-02.13.36.gif\" alt=\"\" class=\"wp-image-5028\"\/><\/figure>\n<ul class=\"wp-block-list\">\n<li><strong>Conecte o cabo:<\/strong> <br\/>Use o cabo de carregamento do porta-malas e conecte-o \u00e0 porta de 22 kW na esta\u00e7\u00e3o de carregamento. Veja o v\u00eddeo abaixo para visualizar. <\/li>\n\n\n\n<li>N\u00e3o <strong><span style=\"text-decoration: underline;\">n\u00e3o<\/span><\/strong> N\u00e3o use o plugue adaptador de 7kw (menor) das esta\u00e7\u00f5es de carregamento, pois ele n\u00e3o se encaixa na porta de carregamento do MG ZS EV.  <\/li>\n<\/ul>\n\n<figure class=\"wp-block-image size-full is-style-rounded\"><img loading=\"lazy\" decoding=\"async\" width=\"146\" height=\"260\" src=\"https:\/\/www.master.cw\/wp-content\/uploads\/2024\/09\/Adobe-Express-2024-09-01-02.30.19.gif\" alt=\"\" class=\"wp-image-5032\"\/><\/figure>\n<ul class=\"wp-block-list\">\n<li><strong>Inicie a carga:<\/strong> <br\/>A luz da esta\u00e7\u00e3o de carregamento deve ficar azul. Se necess\u00e1rio, use o token D-Point do porta-luvas para ativar o carregamento. Lembre-se de colocar o token D-Point de volta no slot do porta-luvas do MG ZS EV. Tranque o carro usando o aplicativo, &#8220;Pausando&#8221; se voc\u00ea for voltar e continuar a viagem mais tarde ou Encerrar a viagem no aplicativo para trancar o carro. Lembre-se de pegar todos os seus pertences antes de encerrar o passeio.    <br\/><br\/>Se n\u00e3o houver nenhuma luz na esta\u00e7\u00e3o de carregamento, ela est\u00e1 fora de servi\u00e7o.<\/li>\n<\/ul>\n\n<div style=\"height:100px\" aria-hidden=\"true\" class=\"wp-block-spacer\"><\/div>\n\n<p><strong>Fim do carregamento:<\/strong><\/p>\n\n<ul class=\"wp-block-list\">\n<li>Desbloqueie o carro com o aplicativo Master Rental.<\/li>\n\n\n\n<li>Desconecte o cabo de carregamento do carro primeiro e da esta\u00e7\u00e3o de carregamento depois (dois bipes ser\u00e3o emitidos quando a esta\u00e7\u00e3o de carregamento desbloquear o cabo e acender a luz verde).  <br\/><br\/>Se o carro estiver destravado e o cabo de carregamento ainda estiver travado na porta do carro, destrave o carro e tente novamente e, se ainda estiver travado, use o token D-Point dentro do porta-luvas do MG ZS EV para tocar na esta\u00e7\u00e3o de carregamento e destravar os cabos. N\u00e3o fa\u00e7a for\u00e7a bruta nem puxe com muita for\u00e7a os cabos se eles ainda estiverem travados nas portas. Voc\u00ea ser\u00e1 respons\u00e1vel pelos danos se danificar as portas de carregamento, inclusive o cabo de carregamento.  <br\/><\/li>\n\n\n\n<li>Guarde o cabo de carregamento no porta-malas do MG ZS EV.<\/li>\n\n\n\n<li>Coloque as tampas de volta nas portas de carregamento do MG ZS EV e empurre o logotipo da MG de volta para a frente do carro.<\/li>\n<\/ul>\n\n<div style=\"height:100px\" aria-hidden=\"true\" class=\"wp-block-spacer\"><\/div>\n\n<p><\/p>\n","protected":false},"excerpt":{"rendered":"<p>Pre\u00e7os e complementos Pre\u00e7o fixo para come\u00e7ar $1.00 Pre\u00e7o por hora (para as primeiras 4 horas) &#8211; horas 1 a 4 $13.79 Pre\u00e7o por hora ap\u00f3s 4 horas (para as pr\u00f3ximas 3 horas) &#8211; horas 4 a 7 $9.79 Pre\u00e7o por hora ap\u00f3s 7 horas &#8211; horas 7+ $3.29 Pre\u00e7o por quil\u00f4metro $0.11 Pre\u00e7o por [&hellip;]<\/p>\n","protected":false},"author":1,"featured_media":0,"parent":0,"menu_order":0,"comment_status":"closed","ping_status":"closed","template":"elementor_theme","meta":{"footnotes":""},"class_list":["post-5440","page","type-page","status-publish","hentry"],"_links":{"self":[{"href":"https:\/\/www.master.cw\/pt-br\/wp-json\/wp\/v2\/pages\/5440","targetHints":{"allow":["GET"]}}],"collection":[{"href":"https:\/\/www.master.cw\/pt-br\/wp-json\/wp\/v2\/pages"}],"about":[{"href":"https:\/\/www.master.cw\/pt-br\/wp-json\/wp\/v2\/types\/page"}],"author":[{"embeddable":true,"href":"https:\/\/www.master.cw\/pt-br\/wp-json\/wp\/v2\/users\/1"}],"replies":[{"embeddable":true,"href":"https:\/\/www.master.cw\/pt-br\/wp-json\/wp\/v2\/comments?post=5440"}],"version-history":[{"count":1,"href":"https:\/\/www.master.cw\/pt-br\/wp-json\/wp\/v2\/pages\/5440\/revisions"}],"predecessor-version":[{"id":5441,"href":"https:\/\/www.master.cw\/pt-br\/wp-json\/wp\/v2\/pages\/5440\/revisions\/5441"}],"wp:attachment":[{"href":"https:\/\/www.master.cw\/pt-br\/wp-json\/wp\/v2\/media?parent=5440"}],"curies":[{"name":"wp","href":"https:\/\/api.w.org\/{rel}","templated":true}]}}