{"id":4261,"date":"2024-01-08T12:50:39","date_gmt":"2024-01-08T16:50:39","guid":{"rendered":"https:\/\/www.master.cw\/termos-e-condicoes\/"},"modified":"2025-08-27T17:58:09","modified_gmt":"2025-08-27T21:58:09","slug":"termos-e-condicoes","status":"publish","type":"page","link":"https:\/\/www.master.cw\/pt-br\/termos-e-condicoes\/","title":{"rendered":"Termos e condi\u00e7\u00f5es"},"content":{"rendered":"\t\t<div data-elementor-type=\"wp-page\" data-elementor-id=\"4261\" class=\"elementor elementor-4261 elementor-3682\">\n\t\t\t\t\t\t<section class=\"elementor-section elementor-top-section elementor-element elementor-element-7647cc0 privacy-section elementor-section-boxed elementor-section-height-default elementor-section-height-default\" data-id=\"7647cc0\" data-element_type=\"section\" data-e-type=\"section\">\n\t\t\t\t\t\t<div class=\"elementor-container elementor-column-gap-default\">\n\t\t\t\t\t<div class=\"elementor-column elementor-col-100 elementor-top-column elementor-element elementor-element-e53a873\" data-id=\"e53a873\" data-element_type=\"column\" data-e-type=\"column\">\n\t\t\t<div class=\"elementor-widget-wrap elementor-element-populated\">\n\t\t\t\t\t\t<div class=\"elementor-element elementor-element-d04317e elementor-widget elementor-widget-text-editor\" data-id=\"d04317e\" data-element_type=\"widget\" data-e-type=\"widget\" data-widget_type=\"text-editor.default\">\n\t\t\t\t<div class=\"elementor-widget-container\">\n\t\t\t\t\t\t\t\t\t<div><h3>Resumo dos termos e condi\u00e7\u00f5es<\/h3><ol><li><strong>1. Introdu\u00e7\u00e3o<\/strong><\/li><li><strong>2. Defini\u00e7\u00f5es<\/strong><\/li><li><strong>3. Aceita\u00e7\u00e3o dos termos<\/strong><\/li><li><strong>4. Elegibilidade<\/strong><\/li><li><strong>5. Termos de reserva e aluguel<\/strong><\/li><li><strong>6. Condi\u00e7\u00f5es de pagamento<\/strong><\/li><li><strong>7. Responsabilidades do usu\u00e1rio<\/strong><\/li><li><strong>8. Seguro e danos<\/strong><\/li><li><strong>9. Cancelamento e reembolsos<\/strong><\/li><li><strong>10. Privacidade<\/strong><\/li><li><strong>11. Limita\u00e7\u00e3o de responsabilidade<\/strong><\/li><li><strong>12. Indeniza\u00e7\u00e3o<\/strong><\/li><li><strong>13. Legisla\u00e7\u00e3o aplic\u00e1vel<\/strong><\/li><li><strong>14. Altera\u00e7\u00f5es nos termos<\/strong><\/li><li><strong>15. Informa\u00e7\u00f5es de contato<\/strong><\/li><\/ol><div>\u00a0<\/div><div><p><strong>Data de vig\u00eancia: 5 de junho de 2024<\/strong><\/p><p><strong>1. Introdu\u00e7\u00e3o<\/strong><\/p><p>Bem-vindo \u00e0 Master Car Rental. Estes Termos e Condi\u00e7\u00f5es regem o uso que voc\u00ea faz de nossos servi\u00e7os, incluindo nosso site e aplicativo m\u00f3vel. Ao usar nossos servi\u00e7os, voc\u00ea concorda com estes termos na \u00edntegra. Se voc\u00ea n\u00e3o concordar com qualquer parte destes termos, n\u00e3o use nossos servi\u00e7os.<\/p><p><strong>2. Defini\u00e7\u00f5es<br \/><\/strong><strong style=\"color: var( --e-global-color-text ); font-family: var( --e-global-typography-text-font-family ), Sans-serif; text-align: var(--bs-body-text-align);\">&#8220;Empresa&#8221;<\/strong><span style=\"color: var( --e-global-color-text ); font-family: var( --e-global-typography-text-font-family ), Sans-serif; text-align: var(--bs-body-text-align);\"><span style=\"font-weight: var( --e-global-typography-text-font-weight );\"> refere-se \u00e0 Master Car Rental.<\/span><br \/><\/span><br \/><strong style=\"color: var( --e-global-color-text ); font-family: var( --e-global-typography-text-font-family ), Sans-serif; text-align: var(--bs-body-text-align);\">&#8220;Usu\u00e1rio&#8221;<\/strong><span style=\"color: var( --e-global-color-text ); font-family: var( --e-global-typography-text-font-family ), Sans-serif; text-align: var(--bs-body-text-align);\"><span style=\"font-weight: var( --e-global-typography-text-font-weight );\"> refere-se a qualquer pessoa que utilize nossos servi\u00e7os, incluindo visitantes do site e usu\u00e1rios de aplicativos.<\/span><br \/><\/span><br \/><strong style=\"color: var( --e-global-color-text ); font-family: var( --e-global-typography-text-font-family ), Sans-serif; text-align: var(--bs-body-text-align);\">&#8220;Ve\u00edculo&#8221;<\/strong><span style=\"color: var( --e-global-color-text ); font-family: var( --e-global-typography-text-font-family ), Sans-serif; text-align: var(--bs-body-text-align);\"><span style=\"font-weight: var( --e-global-typography-text-font-weight );\"> refere-se aos carros el\u00e9tricos alugados pela Master Car Rental.<\/span><br \/><\/span><strong style=\"color: var( --e-global-color-text ); font-family: var( --e-global-typography-text-font-family ), Sans-serif; text-align: var(--bs-body-text-align);\">&#8220;Contrato de aluguel&#8221;<\/strong><span style=\"color: var( --e-global-color-text ); font-family: var( --e-global-typography-text-font-family ), Sans-serif; font-weight: var( --e-global-typography-text-font-weight ); text-align: var(--bs-body-text-align);\"> refere-se ao contrato entre o usu\u00e1rio e a empresa para o aluguel de um ve\u00edculo.<\/span><\/p><ul><li>\u00a0<\/li><\/ul><p><strong>3. Aceita\u00e7\u00e3o dos Termos<\/strong><br \/>Ao acessar ou usar nossos servi\u00e7os, voc\u00ea concorda em se vincular a estes Termos e Condi\u00e7\u00f5es e \u00e0 nossa Pol\u00edtica de Privacidade. Se voc\u00ea n\u00e3o concordar com esses termos, n\u00e3o dever\u00e1 usar nossos servi\u00e7os.<\/p><p><strong>4. Elegibilidade<\/strong><br \/>Para usar nossos servi\u00e7os, voc\u00ea deve ter pelo menos 18 anos de idade, possuir uma carteira de motorista v\u00e1lida e ter um cart\u00e3o de cr\u00e9dito v\u00e1lido. Ao se registrar, voc\u00ea declara e garante que atende a esses requisitos.<\/p><p><strong>5. Termos de reserva e aluguel<br \/><\/strong><strong style=\"color: var( --e-global-color-text ); font-family: var( --e-global-typography-text-font-family ), Sans-serif; text-align: var(--bs-body-text-align);\">Reserva<\/strong><span style=\"color: var( --e-global-color-text ); font-family: var( --e-global-typography-text-font-family ), Sans-serif; text-align: var(--bs-body-text-align);\"><span style=\"font-weight: var( --e-global-typography-text-font-weight );\">: Todas as reservas devem ser feitas por meio de nosso site ou aplicativo m\u00f3vel.<\/span><br \/><\/span><strong style=\"color: var( --e-global-color-text ); font-family: var( --e-global-typography-text-font-family ), Sans-serif; text-align: var(--bs-body-text-align);\">Per\u00edodo de aluguel<\/strong><span style=\"color: var( --e-global-color-text ); font-family: var( --e-global-typography-text-font-family ), Sans-serif; text-align: var(--bs-body-text-align);\"><span style=\"font-weight: var( --e-global-typography-text-font-weight );\">: O per\u00edodo de aluguel come\u00e7a quando voc\u00ea retira o ve\u00edculo e termina quando voc\u00ea o devolve no local designado.<\/span><br \/><\/span><strong style=\"color: var( --e-global-color-text ); font-family: var( --e-global-typography-text-font-family ), Sans-serif; text-align: var(--bs-body-text-align);\">Condi\u00e7\u00e3o do ve\u00edculo<\/strong><span style=\"color: var( --e-global-color-text ); font-family: var( --e-global-typography-text-font-family ), Sans-serif; font-weight: var( --e-global-typography-text-font-weight ); text-align: var(--bs-body-text-align);\">: Voc\u00ea deve inspecionar o ve\u00edculo antes de us\u00e1-lo e informar imediatamente qualquer dano ou problema.<br \/>O aplicativo solicitar\u00e1 que voc\u00ea tire quatro fotos do ve\u00edculo, ou seja, a frente do ve\u00edculo, as laterais do ve\u00edculo e a traseira do ve\u00edculo, antes e depois do aluguel do ve\u00edculo. <\/span><\/p><p><strong>6. Condi\u00e7\u00f5es de pagamento e encargos adicionais<br \/><\/strong><strong style=\"color: var( --e-global-color-text ); font-family: var( --e-global-typography-text-font-family ), Sans-serif; text-align: var(--bs-body-text-align);\">Tarifas<\/strong><span style=\"color: var( --e-global-color-text ); font-family: var( --e-global-typography-text-font-family ), Sans-serif; text-align: var(--bs-body-text-align);\"><span style=\"font-weight: var( --e-global-typography-text-font-weight );\">: As taxas de aluguel s\u00e3o cobradas por hora e por quil\u00f4metro rodado. Poder\u00e3o ser aplicadas taxas adicionais para devolu\u00e7\u00f5es tardias, danos ou limpeza.<\/span><br \/><\/span><strong style=\"color: var( --e-global-color-text ); font-family: var( --e-global-typography-text-font-family ), Sans-serif; text-align: var(--bs-body-text-align);\">Pagamento<\/strong><span style=\"color: var( --e-global-color-text ); font-family: var( --e-global-typography-text-font-family ), Sans-serif; text-align: var(--bs-body-text-align);\"><span style=\"font-weight: var( --e-global-typography-text-font-weight );\">: Todos os pagamentos devem ser feitos com um cart\u00e3o de cr\u00e9dito v\u00e1lido por meio de nosso aplicativo.<\/span><br \/><\/span><strong style=\"color: var( --e-global-color-text ); font-family: var( --e-global-typography-text-font-family ), Sans-serif; text-align: var(--bs-body-text-align);\">Dep\u00f3sito de seguran\u00e7a<\/strong><span style=\"color: var( --e-global-color-text ); font-family: var( --e-global-typography-text-font-family ), Sans-serif; font-weight: var( --e-global-typography-text-font-weight ); text-align: var(--bs-body-text-align);\">: Um dep\u00f3sito de seguran\u00e7a pode ser exigido no momento da reserva, que ser\u00e1 reembolsado ap\u00f3s o per\u00edodo de loca\u00e7\u00e3o, sujeito a quaisquer dedu\u00e7\u00f5es por danos ou outros encargos.<\/span><\/p><p>Quando uma viagem termina, a Empresa l\u00ea a quilometragem do Ve\u00edculo.<br \/>Se isso n\u00e3o for poss\u00edvel, por exemplo, devido a um mau funcionamento, o Usu\u00e1rio dever\u00e1 fornecer uma estimativa do n\u00famero de quil\u00f4metros percorridos.<br \/>A fatura ser\u00e1 preparada com base nesses dados. <span style=\"color: var( --e-global-color-text ); font-family: var( --e-global-typography-text-font-family ), Sans-serif; font-weight: var( --e-global-typography-text-font-weight ); text-align: var(--bs-body-text-align);\"><br \/><\/span><\/p><p>A Empresa tem sempre o direito de cobrar do Usu\u00e1rio quaisquer custos adicionais relacionados a m\u00e1 conduta, uso indevido e\/ou danos ao Ve\u00edculo, conforme determinado exclusivamente pela Empresa.<\/p><p>A Empresa tamb\u00e9m tem o direito de cobrar integralmente do Usu\u00e1rio as multas de tr\u00e2nsito e estacionamento (incluindo taxas de processamento e administrativas) e\/ou repass\u00e1-las ao Usu\u00e1rio.<\/p><p><strong>7. Responsabilidades do usu\u00e1rio<br \/><\/strong><strong style=\"color: var( --e-global-color-text ); font-family: var( --e-global-typography-text-font-family ), Sans-serif; text-align: var(--bs-body-text-align);\">Uso adequado<\/strong><span style=\"color: var( --e-global-color-text ); font-family: var( --e-global-typography-text-font-family ), Sans-serif; text-align: var(--bs-body-text-align);\"><span style=\"font-weight: var( --e-global-typography-text-font-weight );\">: Voc\u00ea deve usar o ve\u00edculo de maneira segura e legal.<\/span><br \/><\/span><br \/><strong style=\"color: var( --e-global-color-text ); font-family: var( --e-global-typography-text-font-family ), Sans-serif; text-align: var(--bs-body-text-align);\">N\u00e3o fumar<\/strong><span style=\"color: var( --e-global-color-text ); font-family: var( --e-global-typography-text-font-family ), Sans-serif; text-align: var(--bs-body-text-align);\"><span style=\"font-weight: var( --e-global-typography-text-font-weight );\">: \u00c9 estritamente proibido fumar no ve\u00edculo.<\/span><br \/><\/span><br \/><strong style=\"color: var( --e-global-color-text ); font-family: var( --e-global-typography-text-font-family ), Sans-serif; text-align: var(--bs-body-text-align);\">Condi\u00e7\u00e3o de devolu\u00e7\u00e3o<\/strong><span style=\"color: var( --e-global-color-text ); font-family: var( --e-global-typography-text-font-family ), Sans-serif; text-align: var(--bs-body-text-align);\"><span style=\"font-weight: var( --e-global-typography-text-font-weight );\">: O ve\u00edculo deve ser devolvido nas mesmas condi\u00e7\u00f5es em que foi alugado, exceto pelo desgaste normal.<\/span><br \/><\/span><strong style=\"color: var( --e-global-color-text ); font-family: var( --e-global-typography-text-font-family ), Sans-serif; text-align: var(--bs-body-text-align);\">Responsabilidade do passageiro<\/strong><span style=\"color: var( --e-global-color-text ); font-family: var( --e-global-typography-text-font-family ), Sans-serif; font-weight: var( --e-global-typography-text-font-weight ); text-align: var(--bs-body-text-align);\">: O motorista \u00e9 respons\u00e1vel por garantir a seguran\u00e7a e a conduta de todos os passageiros no ve\u00edculo durante o per\u00edodo de aluguel.<\/span><\/p><p data-start=\"4816\" data-end=\"4837\"><strong data-start=\"4816\" data-end=\"4837\">8. Seguro e Danos<\/strong><\/p><p data-start=\"4839\" data-end=\"5230\"><strong data-start=\"4839\" data-end=\"4866\">8.1 Cobertura do seguro<\/strong><br data-start=\"4866\" data-end=\"4869\" \/>Os ve\u00edculos da Master Car Rental est\u00e3o segurados sob uma ap\u00f3lice de <strong data-start=\"4937\" data-end=\"4974\">Third Party Limited Comprehensive<\/strong>.<br data-start=\"4975\" data-end=\"4978\" \/>Isto significa que os danos causados a terceiros est\u00e3o cobertos de acordo com as condi\u00e7\u00f5es da ap\u00f3lice.<br data-start=\"5080\" data-end=\"5083\" \/>Os danos ao pr\u00f3prio ve\u00edculo de aluguer <strong data-start=\"5122\" data-end=\"5144\">n\u00e3o est\u00e3o cobertos<\/strong>, exceto em riscos limitados como inc\u00eandio, roubo, quebra de vidros e \u201chit-and-run\u201d.<\/p><p data-start=\"5232\" data-end=\"5593\"><strong data-start=\"5232\" data-end=\"5269\">8.2 Responsabilidade do locat\u00e1rio<\/strong><br data-start=\"5269\" data-end=\"5272\" \/>Se o locat\u00e1rio for considerado <strong data-start=\"5303\" data-end=\"5318\">respons\u00e1vel<\/strong> por um acidente ou incidente, ser\u00e1 respons\u00e1vel pelo <strong data-start=\"5371\" data-end=\"5434\">custo total de repara\u00e7\u00e3o ou substitui\u00e7\u00e3o do ve\u00edculo alugado<\/strong>, menos qualquer compensa\u00e7\u00e3o paga pela seguradora.<br data-start=\"5484\" data-end=\"5487\" \/>Esta responsabilidade aplica-se independentemente de infra\u00e7\u00f5es de tr\u00e2nsito ou conclus\u00f5es de neglig\u00eancia.<\/p><p data-start=\"5595\" data-end=\"5726\">O locat\u00e1rio tamb\u00e9m \u00e9 respons\u00e1vel pela perda de uso, reboque e custos relacionados at\u00e9 que o ve\u00edculo seja reparado ou substitu\u00eddo.<\/p><p data-start=\"5728\" data-end=\"5754\"><strong data-start=\"5728\" data-end=\"5752\">8.3 Franquias padr\u00e3o<\/strong><\/p><ul data-start=\"5755\" data-end=\"5969\"><li data-start=\"5755\" data-end=\"5784\"><p data-start=\"5757\" data-end=\"5784\">XCG. 2.000 \u2013 Riscos casco<\/p><\/li><li data-start=\"5785\" data-end=\"5818\"><p data-start=\"5787\" data-end=\"5818\">XCG. 700 \u2013 Franquia terceiros<\/p><\/li><li data-start=\"5819\" data-end=\"5851\"><p data-start=\"5821\" data-end=\"5851\">XCG. 1.500 \u2013 Danos \u00e0 bateria<\/p><\/li><li data-start=\"5852\" data-end=\"5905\"><ul data-start=\"5854\" data-end=\"5905\"><li data-start=\"5854\" data-end=\"5905\"><p data-start=\"5856\" data-end=\"5905\">XCG. 700 \u2013 Se o condutor tiver menos de 23 anos<\/p><\/li><\/ul><\/li><li data-start=\"5906\" data-end=\"5969\"><ul data-start=\"5908\" data-end=\"5969\"><li data-start=\"5908\" data-end=\"5969\"><p data-start=\"5910\" data-end=\"5969\">XCG. 250 \u2013 Se a carta de condu\u00e7\u00e3o tiver menos de 12 meses<\/p><\/li><\/ul><\/li><\/ul><p data-start=\"5971\" data-end=\"6132\"><strong data-start=\"5971\" data-end=\"6016\"><br \/>8.4 Redu\u00e7\u00e3o de Franquia (Add-On opcional)<\/strong><br data-start=\"6016\" data-end=\"6019\" \/>O locat\u00e1rio pode adquirir na aplica\u00e7\u00e3o Master Car Rental um <strong data-start=\"6079\" data-end=\"6103\">Damage Waiver Add-On<\/strong> antes de iniciar a viagem.<\/p><p data-start=\"6134\" data-end=\"6309\">Se selecionado, as franquias (ver 8.3) s\u00e3o reduzidas, mas o locat\u00e1rio continua respons\u00e1vel pelo <strong data-start=\"6230\" data-end=\"6255\">custo total dos danos<\/strong> ao ve\u00edculo se for considerado culpado num acidente.<\/p><p data-start=\"6311\" data-end=\"6427\">O Damage Waiver n\u00e3o altera a responsabilidade por danos a terceiros, que continuam regidos pela ap\u00f3lice de seguro.<\/p><p data-start=\"6429\" data-end=\"6683\"><strong data-start=\"6429\" data-end=\"6473\">8.5 Falha no cumprimento do procedimento<\/strong><br data-start=\"6473\" data-end=\"6476\" \/>Se o locat\u00e1rio n\u00e3o notificar a Master Car Rental, a pol\u00edcia e a Forensys imediatamente ap\u00f3s um acidente, ou n\u00e3o cooperar com o processo de reclama\u00e7\u00e3o, ser\u00e1 respons\u00e1vel por <strong data-start=\"6648\" data-end=\"6680\">todos os danos sem limita\u00e7\u00e3o<\/strong>.<\/p><p data-start=\"6685\" data-end=\"6803\">Detalhes sobre a utiliza\u00e7\u00e3o dos ve\u00edculos podem ser consultados na seguinte p\u00e1gina:<br data-start=\"6767\" data-end=\"6770\" \/><a class=\"decorated-link\" href=\"https:\/\/www.master.cw\/mg-zs-ev\/\" target=\"_new\" rel=\"noopener\" data-start=\"6770\" data-end=\"6801\">https:\/\/www.master.cw\/mg-zs-ev\/<\/a><\/p><p data-start=\"6805\" data-end=\"7015\">Em caso de acidente: mantenha a calma e ligue sempre para CRS (9233).<br data-start=\"6874\" data-end=\"6877\" \/>Em caso de problemas ou ferimentos: ligue para a pol\u00edcia (911).<br data-start=\"6940\" data-end=\"6943\" \/>Em caso de problemas com o carro: ligue para \u2018Wegenwacht 24\/7\u2019 (9247).<\/p><p><strong>9. Cancelamento e reembolsos<\/strong><\/p><p><strong style=\"color: var( --e-global-color-text ); font-family: var( --e-global-typography-text-font-family ), Sans-serif; text-align: var(--bs-body-text-align);\">Pol\u00edtica de cancelamento<\/strong><span style=\"color: var( --e-global-color-text ); font-family: var( --e-global-typography-text-font-family ), Sans-serif; text-align: var(--bs-body-text-align);\"><span style=\"font-weight: var( --e-global-typography-text-font-weight );\">: <\/span><\/span> <span style=\"text-align: var(--bs-body-text-align);\"><span style=\"color: #787878; font-family: Fira Sans, sans-serif;\"><span style=\"font-weight: var( --e-global-typography-text-font-weight ); background-color: #ffffff;\">Os carros est\u00e3o dispon\u00edveis por ordem de chegada.<br \/>Voc\u00ea pode reservar o carro com 25 minutos de anteced\u00eancia para garantir seu aluguel.<br \/>Se, ap\u00f3s 25 minutos, voc\u00ea reservar novamente por 25 minutos e o carro n\u00e3o for usado ap\u00f3s a segunda reserva, uma pequena taxa ser\u00e1 aplicada por n\u00e3o usar o carro ap\u00f3s a segunda reserva. <\/span><span style=\"background-color: #ffffff;\"><br \/><\/span><\/span><\/span><strong style=\"color: var( --e-global-color-text ); font-family: var( --e-global-typography-text-font-family ), Sans-serif; text-align: var(--bs-body-text-align);\">Reembolsos<\/strong><span style=\"color: var( --e-global-color-text ); font-family: var( --e-global-typography-text-font-family ), Sans-serif; font-weight: var( --e-global-typography-text-font-weight ); text-align: var(--bs-body-text-align);\">: Os reembolsos ser\u00e3o processados em at\u00e9 7 dias \u00fateis ap\u00f3s o cancelamento.<\/span><\/p><p><strong>10. Privacidade<\/strong><br \/>O uso que voc\u00ea faz de nossos servi\u00e7os tamb\u00e9m \u00e9 regido por nossa Pol\u00edtica de Privacidade, que est\u00e1 dispon\u00edvel em nosso site e aplicativo.<\/p><p><strong>11. Limita\u00e7\u00e3o de responsabilidade<\/strong><br \/>At\u00e9 o limite m\u00e1ximo permitido por lei, a empresa n\u00e3o ser\u00e1 respons\u00e1vel por nenhum dano indireto, incidental, especial, consequencial ou punitivo decorrente ou relacionado ao uso que voc\u00ea faz de nossos servi\u00e7os.<\/p><p><strong>12. Indeniza\u00e7\u00e3o<\/strong><br \/>Voc\u00ea concorda em indenizar e isentar a empresa, suas afiliadas e seus funcion\u00e1rios de quaisquer reivindica\u00e7\u00f5es, responsabilidades, danos e despesas (inclusive honor\u00e1rios advocat\u00edcios) decorrentes do uso de nossos servi\u00e7os ou da viola\u00e7\u00e3o destes Termos e Condi\u00e7\u00f5es.<\/p><p><strong>13. Lei aplic\u00e1vel<\/strong><br \/>Estes Termos e Condi\u00e7\u00f5es s\u00e3o regidos e interpretados de acordo com as leis de Cura\u00e7ao. Quaisquer disputas decorrentes de ou relacionadas a estes termos estar\u00e3o sujeitas \u00e0 jurisdi\u00e7\u00e3o exclusiva dos tribunais de Cura\u00e7ao.<\/p><p><strong>14. Altera\u00e7\u00f5es nos Termos<\/strong><br \/>A empresa se reserva o direito de modificar estes Termos e Condi\u00e7\u00f5es a qualquer momento. Notificaremos voc\u00ea sobre quaisquer altera\u00e7\u00f5es publicando os novos Termos e Condi\u00e7\u00f5es em nosso site e aplicativo. O uso continuado de nossos servi\u00e7os ap\u00f3s essas altera\u00e7\u00f5es constitui sua aceita\u00e7\u00e3o dos novos termos.<\/p><p><strong>15. Informa\u00e7\u00f5es de contato<\/strong><br \/>Se voc\u00ea tiver alguma d\u00favida sobre estes Termos e Condi\u00e7\u00f5es, entre em contato conosco pelo e-mail:<\/p><ul><li><strong>E-mail<\/strong>: <a rel=\"noreferrer\">support@master.cw<\/a><\/li><\/ul><p><strong><br \/>16. Acordo integral<\/strong><br \/>Estes Termos e Condi\u00e7\u00f5es, juntamente com nossa Pol\u00edtica de Privacidade, constituem o acordo integral entre voc\u00ea e a Master Car Rental com rela\u00e7\u00e3o ao uso de nossos servi\u00e7os e substituem todos os acordos e entendimentos anteriores.<\/p><\/div><\/div>\t\t\t\t\t\t\t\t<\/div>\n\t\t\t\t<\/div>\n\t\t\t\t\t<\/div>\n\t\t<\/div>\n\t\t\t\t\t<\/div>\n\t\t<\/section>\n\t\t\t\t<\/div>\n\t\t","protected":false},"excerpt":{"rendered":"<p>Resumo dos termos e condi\u00e7\u00f5es 1. Introdu\u00e7\u00e3o 2. Defini\u00e7\u00f5es 3. Aceita\u00e7\u00e3o dos termos 4. Elegibilidade 5. Termos de reserva e aluguel 6. Condi\u00e7\u00f5es de pagamento 7. Responsabilidades do usu\u00e1rio 8. Seguro e danos 9. Cancelamento e reembolsos 10. Privacidade 11. Limita\u00e7\u00e3o de responsabilidade 12. Indeniza\u00e7\u00e3o 13. Legisla\u00e7\u00e3o aplic\u00e1vel 14. Altera\u00e7\u00f5es nos termos 15. Informa\u00e7\u00f5es de [&hellip;]<\/p>\n","protected":false},"author":1,"featured_media":0,"parent":0,"menu_order":0,"comment_status":"closed","ping_status":"closed","template":"templates\/elementor-page-template.php","meta":{"footnotes":""},"class_list":["post-4261","page","type-page","status-publish","hentry"],"_links":{"self":[{"href":"https:\/\/www.master.cw\/pt-br\/wp-json\/wp\/v2\/pages\/4261","targetHints":{"allow":["GET"]}}],"collection":[{"href":"https:\/\/www.master.cw\/pt-br\/wp-json\/wp\/v2\/pages"}],"about":[{"href":"https:\/\/www.master.cw\/pt-br\/wp-json\/wp\/v2\/types\/page"}],"author":[{"embeddable":true,"href":"https:\/\/www.master.cw\/pt-br\/wp-json\/wp\/v2\/users\/1"}],"replies":[{"embeddable":true,"href":"https:\/\/www.master.cw\/pt-br\/wp-json\/wp\/v2\/comments?post=4261"}],"version-history":[{"count":6,"href":"https:\/\/www.master.cw\/pt-br\/wp-json\/wp\/v2\/pages\/4261\/revisions"}],"predecessor-version":[{"id":5579,"href":"https:\/\/www.master.cw\/pt-br\/wp-json\/wp\/v2\/pages\/4261\/revisions\/5579"}],"wp:attachment":[{"href":"https:\/\/www.master.cw\/pt-br\/wp-json\/wp\/v2\/media?parent=4261"}],"curies":[{"name":"wp","href":"https:\/\/api.w.org\/{rel}","templated":true}]}}