{"id":4255,"date":"2024-03-03T01:27:41","date_gmt":"2024-03-03T05:27:41","guid":{"rendered":"https:\/\/www.master.cw\/politica-de-privacidad\/"},"modified":"2024-06-05T20:17:31","modified_gmt":"2024-06-06T00:17:31","slug":"politica-de-privacidad","status":"publish","type":"page","link":"https:\/\/www.master.cw\/es\/politica-de-privacidad\/","title":{"rendered":"Pol\u00edtica de privacidad"},"content":{"rendered":"\n<p><strong>Fecha de entrada en vigor: 5 de junio de 2024<\/strong><\/p>\n\n<p><strong>1. Introducci\u00f3n<\/strong><br\/>Bienvenido a Master Car Rental. Nos comprometemos a proteger la privacidad y seguridad de la informaci\u00f3n personal de nuestros clientes. Esta pol\u00edtica describe nuestras pr\u00e1cticas en materia de recopilaci\u00f3n, uso y protecci\u00f3n de datos.<\/p>\n\n<p><strong>2. Informaci\u00f3n que recogemos<\/strong><br\/>En Master Car Rental, recopilamos la siguiente informaci\u00f3n personal para identificarte y facilitarte el alquiler de tu coche:<\/p>\n\n<ul class=\"wp-block-list\">\n<li><strong>Nombre y ap<\/strong>ellidos: Para identificarte y comunicarnos contigo.<\/li>\n\n\n\n<li><strong>Direcci\u00f3n<\/strong>: Para verificar tu ubicaci\u00f3n de facturaci\u00f3n o alquiler.<\/li>\n\n\n\n<li><strong>Direcci\u00f3n de correo electr\u00f3nico<\/strong>: Para enviar confirmaciones de reserva, actualizaciones y ofertas promocionales.<\/li>\n\n\n\n<li><strong>N\u00famero de tel\u00e9fono<\/strong>: Para contactar contigo por cualquier asunto relacionado con tu alquiler o en caso de emergencia.<\/li>\n\n\n\n<li><strong>Informaci\u00f3n sobre el permiso de<\/strong> conducir: Para garantizar la elegibilidad para el alquiler de coches.<\/li>\n\n\n\n<li><strong>Datos de pago con tarjeta de<\/strong> cr\u00e9dito: Para procesar los pagos de tu alquiler.<\/li>\n<\/ul>\n\n<p>Es posible que necesitemos recopilar informaci\u00f3n personal adicional seg\u00fan sea necesario para fines operativos o para cumplir con requisitos legales.<\/p>\n\n<p><strong>3. C\u00f3mo utilizamos tu informaci\u00f3n<\/strong><br\/>Utilizamos la informaci\u00f3n personal que recopilamos de ti para los siguientes fines:<\/p>\n\n<ul class=\"wp-block-list\">\n<li><strong>Procesar alquileres<\/strong>: Para gestionar tu reserva y prestar los servicios de alquiler que solicites.<\/li>\n\n\n\n<li><strong>Procesamiento de pagos<\/strong>: Para realizar las transacciones de tus reservas de alquiler.<\/li>\n\n\n\n<li><strong>Comunicaciones de marketing<\/strong>: Para enviarte ofertas promocionales e informaci\u00f3n sobre nuevos servicios, cuando est\u00e9 permitido.<\/li>\n\n\n\n<li>Atenci\u00f3n <strong>al cliente<\/strong>: Para proporcionar asistencia y responder a tus consultas sobre nuestros servicios.<\/li>\n\n\n\n<li><strong>Cumplimiento legal<\/strong>: Cumplir las leyes y reglamentos aplicables.<\/li>\n\n\n\n<li><strong>Cumplimiento de<\/strong> seguros: Tramitar toda la documentaci\u00f3n y reclamaciones de seguros necesarias.<\/li>\n\n\n\n<li>Emergencias <strong>o<\/strong> da\u00f1os: Para ponernos en contacto contigo o tomar las medidas necesarias en caso de emergencia o para evaluar y tratar los da\u00f1os que afecten a nuestros veh\u00edculos.<\/li>\n<\/ul>\n<p><\/p>\n\n<p><strong>4. Compartir tu informaci\u00f3n<\/strong><br\/>Nos comprometemos a proteger tu privacidad y no venderemos tu informaci\u00f3n personal a terceros. Tus datos personales pueden ser compartidos en las siguientes circunstancias:<\/p>\n\n<ul class=\"wp-block-list\">\n<li><strong>Procesadores de pagos<\/strong>: Para facilitar las transacciones de pago a trav\u00e9s de la aplicaci\u00f3n Master Car Rental.<\/li>\n\n\n\n<li><strong>Aseguradoras<\/strong>: Para gestionar las reclamaciones y coberturas en caso de da\u00f1os que afecten a nuestros veh\u00edculos.<\/li>\n\n\n\n<li><strong>Cumplimiento<\/strong> de la ley: Podemos revelar informaci\u00f3n a los organismos encargados de hacer cumplir la ley si as\u00ed lo exige la ley o en caso de que se produzcan da\u00f1os que requieran una denuncia legal.<\/li>\n<\/ul>\n\n<p>El intercambio de tu informaci\u00f3n se limita estrictamente a las necesidades operativas y al cumplimiento de las obligaciones legales.<\/p>\n\n<p><strong>5. Seguridad de los datos<\/strong><br\/>Nos tomamos muy en serio la seguridad de tu informaci\u00f3n personal. Para proteger tus datos contra el acceso, la divulgaci\u00f3n, la alteraci\u00f3n o la destrucci\u00f3n no autorizados, aplicamos s\u00f3lidas medidas de seguridad que incluyen:<\/p>\n\n<ul class=\"wp-block-list\">\n<li><strong>Encriptaci\u00f3n<\/strong>: Todos los datos personales se encriptan durante la transmisi\u00f3n y mientras est\u00e1n almacenados en nuestros sistemas.<\/li>\n\n\n\n<li><strong>Servidores seguros**<\/strong>: Utilizamos servidores seguros ubicados en la UE que se gestionan de acuerdo con las normas del Reglamento General de Protecci\u00f3n de Datos (RGPD).<\/li>\n\n\n\n<li><strong>Controles de acceso<\/strong>: El acceso a tu informaci\u00f3n personal est\u00e1 restringido \u00fanicamente al personal autorizado y se basa en la necesidad de conocerla para fines operativos.<\/li>\n<\/ul>\n\n<p>Estas medidas garantizan que tus datos personales se traten de forma segura y de conformidad con las normas m\u00e1s estrictas de protecci\u00f3n de datos.<\/p>\n\n<p><strong>6. Conservaci\u00f3n de datos<\/strong><br\/>Conservamos tus datos personales mientras tu cuenta est\u00e9 activa en Master Car Rental y durante el per\u00edodo m\u00ednimo necesario para cumplir los requisitos legales, fiscales o normativos aplicables. Una vez que tu informaci\u00f3n ya no es necesaria para estos fines, la eliminamos de forma segura o la anonimizamos de acuerdo con nuestras pol\u00edticas de protecci\u00f3n de datos y la legislaci\u00f3n aplicable.<\/p>\n\n<p><strong>7. Tus derechos<\/strong><br\/>Como usuario de Master Car Rental, tienes derechos espec\u00edficos relativos a tu informaci\u00f3n personal, que incluyen:<\/p>\n\n<ul class=\"wp-block-list\">\n<li>Derecho de <strong>acceso<\/strong>: Tienes derecho a acceder en cualquier momento a los datos personales que tenemos sobre ti. Esto te permite recibir una copia de los datos personales que tenemos sobre ti y comprobar que los estamos procesando legalmente.<\/li>\n\n\n\n<li><strong>Derecho a solicitar<\/strong> la supresi\u00f3n o anonimizaci\u00f3n: Puedes solicitar que eliminemos o anonimicemos tus datos personales, cuando no exista una buena raz\u00f3n para que sigamos trat\u00e1ndolos. Atenderemos dichas solicitudes en la medida en que lo exija la ley, pero este derecho no se aplicar\u00e1 cuando necesitemos conservar tus datos personales para cumplir una obligaci\u00f3n legal o para el establecimiento, ejercicio o defensa de reclamaciones legales.<\/li>\n\n<\/ul>\n<p><\/p>\n\n<p><strong>8. Contacta con nosotros<\/strong><br\/>Si tienes alguna pregunta sobre esta Pol\u00edtica de privacidad o si deseas ejercer alguno de tus derechos en relaci\u00f3n con tus datos personales, ponte en contacto con nosotros por correo electr\u00f3nico en:<\/p>\n\n<ul class=\"wp-block-list\">\n<li><strong>Correo electr\u00f3nico<\/strong>: <a>support@master.cw<\/a><\/li>\n<\/ul>\n\n<p>Nos comprometemos a responder a cualquier preocupaci\u00f3n relativa a tu privacidad y protecci\u00f3n de datos.<\/p>\n\n<p><strong>9. Cambios en esta pol\u00edtica<\/strong><br\/>Podemos actualizar esta Pol\u00edtica de Privacidad de vez en cuando. Te notificaremos cualquier cambio publicando la nueva Pol\u00edtica de Privacidad en esta p\u00e1gina.<\/p>\n","protected":false},"excerpt":{"rendered":"<p>Fecha de entrada en vigor: 5 de junio de 2024 1. Introducci\u00f3nBienvenido a Master Car Rental. Nos comprometemos a proteger la privacidad y seguridad de la informaci\u00f3n personal de nuestros clientes. Esta pol\u00edtica describe nuestras pr\u00e1cticas en materia de recopilaci\u00f3n, uso y protecci\u00f3n de datos. 2. Informaci\u00f3n que recogemosEn Master Car Rental, recopilamos la siguiente [&hellip;]<\/p>\n","protected":false},"author":1,"featured_media":0,"parent":0,"menu_order":0,"comment_status":"closed","ping_status":"open","template":"","meta":{"footnotes":""},"class_list":["post-4255","page","type-page","status-publish","hentry"],"_links":{"self":[{"href":"https:\/\/www.master.cw\/es\/wp-json\/wp\/v2\/pages\/4255","targetHints":{"allow":["GET"]}}],"collection":[{"href":"https:\/\/www.master.cw\/es\/wp-json\/wp\/v2\/pages"}],"about":[{"href":"https:\/\/www.master.cw\/es\/wp-json\/wp\/v2\/types\/page"}],"author":[{"embeddable":true,"href":"https:\/\/www.master.cw\/es\/wp-json\/wp\/v2\/users\/1"}],"replies":[{"embeddable":true,"href":"https:\/\/www.master.cw\/es\/wp-json\/wp\/v2\/comments?post=4255"}],"version-history":[{"count":2,"href":"https:\/\/www.master.cw\/es\/wp-json\/wp\/v2\/pages\/4255\/revisions"}],"predecessor-version":[{"id":4764,"href":"https:\/\/www.master.cw\/es\/wp-json\/wp\/v2\/pages\/4255\/revisions\/4764"}],"wp:attachment":[{"href":"https:\/\/www.master.cw\/es\/wp-json\/wp\/v2\/media?parent=4255"}],"curies":[{"name":"wp","href":"https:\/\/api.w.org\/{rel}","templated":true}]}}